{"id":82,"date":"2024-10-24T22:30:59","date_gmt":"2024-10-24T22:30:59","guid":{"rendered":"https:\/\/laginette.com\/apscworld\/?page_id=82"},"modified":"2024-10-25T01:38:01","modified_gmt":"2024-10-25T01:38:01","slug":"telechargement","status":"publish","type":"page","link":"https:\/\/laginette.com\/apscworld\/index.php\/telechargement\/","title":{"rendered":"T\u00e9l\u00e9chargement"},"content":{"rendered":"<p>Pour tester, ex\u00e9cuter ou installer l&rsquo;application, cliquez sur le lien de t\u00e9l\u00e9chargement de votre syst\u00e8me d&rsquo;exploitation :<\/p>\n<ul style=\"list-style-type: disc;\">\n<li><a href=\"http:\/\/laginette.com\/apsc\/download\/page_install_linux.html\">Si vous \u00eates sous GNU\/Linux<\/a>.<\/li>\n<li><a href=\"http:\/\/laginette.com\/apsc\/download\/page_install_windows.html\" target=\"_blank\" rel=\"noopener\">Si vous \u00eates sous Windows<\/a>.<\/li>\n<li><a href=\"http:\/\/laginette.com\/apsc\/download\/page_install_macos.html\" target=\"_blank\" rel=\"noopener\">Si vous \u00eates sous MacOS<\/a>.<\/li>\n<\/ul>\n","protected":false},"excerpt":{"rendered":"<p>Pour tester, ex\u00e9cuter ou installer l&rsquo;application, cliquez sur le lien de t\u00e9l\u00e9chargement de votre syst\u00e8me d&rsquo;exploitation : Si vous \u00eates sous GNU\/Linux.<\/p>\n<p class=\"link-more\"><a class=\"myButt \" href=\"https:\/\/laginette.com\/apscworld\/index.php\/telechargement\/\">Lire la suite<\/a><\/p>\n","protected":false},"author":1,"featured_media":0,"parent":0,"menu_order":0,"comment_status":"closed","ping_status":"closed","template":"","meta":{"_exactmetrics_skip_tracking":false,"_exactmetrics_sitenote_active":false,"_exactmetrics_sitenote_note":"","_exactmetrics_sitenote_category":0,"_uf_show_specific_survey":0,"_uf_disable_surveys":false,"ngg_post_thumbnail":0,"footnotes":""},"class_list":["post-82","page","type-page","status-publish","hentry"],"yoast_head":"<!-- This site is optimized with the Yoast SEO plugin v23.9 - https:\/\/yoast.com\/wordpress\/plugins\/seo\/ -->\n<title>T\u00e9l\u00e9chargement - APSC<\/title>\n<meta name=\"robots\" content=\"index, follow, max-snippet:-1, max-image-preview:large, max-video-preview:-1\" \/>\n<link rel=\"canonical\" href=\"https:\/\/laginette.com\/apscworld\/index.php\/telechargement\/\" \/>\n<meta property=\"og:locale\" content=\"fr_FR\" \/>\n<meta property=\"og:type\" content=\"article\" \/>\n<meta property=\"og:title\" content=\"T\u00e9l\u00e9chargement - APSC\" \/>\n<meta property=\"og:description\" content=\"Pour tester, ex\u00e9cuter ou installer l&rsquo;application, cliquez sur le lien de t\u00e9l\u00e9chargement de votre syst\u00e8me d&rsquo;exploitation : Si vous \u00eates sous GNU\/Linux.Lire la suite\" \/>\n<meta property=\"og:url\" content=\"https:\/\/laginette.com\/apscworld\/index.php\/telechargement\/\" \/>\n<meta property=\"og:site_name\" content=\"APSC\" \/>\n<meta property=\"article:modified_time\" content=\"2024-10-25T01:38:01+00:00\" \/>\n<meta name=\"twitter:card\" content=\"summary_large_image\" \/>\n<meta name=\"twitter:label1\" content=\"Dur\u00e9e de lecture estim\u00e9e\" \/>\n\t<meta name=\"twitter:data1\" content=\"1 minute\" \/>\n<script type=\"application\/ld+json\" class=\"yoast-schema-graph\">{\"@context\":\"https:\/\/schema.org\",\"@graph\":[{\"@type\":\"WebPage\",\"@id\":\"https:\/\/laginette.com\/apscworld\/index.php\/telechargement\/\",\"url\":\"https:\/\/laginette.com\/apscworld\/index.php\/telechargement\/\",\"name\":\"T\u00e9l\u00e9chargement - APSC\",\"isPartOf\":{\"@id\":\"https:\/\/laginette.com\/apscworld\/#website\"},\"datePublished\":\"2024-10-24T22:30:59+00:00\",\"dateModified\":\"2024-10-25T01:38:01+00:00\",\"breadcrumb\":{\"@id\":\"https:\/\/laginette.com\/apscworld\/index.php\/telechargement\/#breadcrumb\"},\"inLanguage\":\"fr-FR\",\"potentialAction\":[{\"@type\":\"ReadAction\",\"target\":[\"https:\/\/laginette.com\/apscworld\/index.php\/telechargement\/\"]}]},{\"@type\":\"BreadcrumbList\",\"@id\":\"https:\/\/laginette.com\/apscworld\/index.php\/telechargement\/#breadcrumb\",\"itemListElement\":[{\"@type\":\"ListItem\",\"position\":1,\"name\":\"Accueil\",\"item\":\"https:\/\/laginette.com\/apscworld\/\"},{\"@type\":\"ListItem\",\"position\":2,\"name\":\"T\u00e9l\u00e9chargement\"}]},{\"@type\":\"WebSite\",\"@id\":\"https:\/\/laginette.com\/apscworld\/#website\",\"url\":\"https:\/\/laginette.com\/apscworld\/\",\"name\":\"ArtsPlastocSequenceConceptor\",\"description\":\"Cr\u00e9er et \u00e9diter des s\u00e9quences de cours en arts plastiques\",\"publisher\":{\"@id\":\"https:\/\/laginette.com\/apscworld\/#\/schema\/person\/db49008618e3803f13f1d94a96df04d7\"},\"potentialAction\":[{\"@type\":\"SearchAction\",\"target\":{\"@type\":\"EntryPoint\",\"urlTemplate\":\"https:\/\/laginette.com\/apscworld\/?s={search_term_string}\"},\"query-input\":{\"@type\":\"PropertyValueSpecification\",\"valueRequired\":true,\"valueName\":\"search_term_string\"}}],\"inLanguage\":\"fr-FR\"},{\"@type\":[\"Person\",\"Organization\"],\"@id\":\"https:\/\/laginette.com\/apscworld\/#\/schema\/person\/db49008618e3803f13f1d94a96df04d7\",\"name\":\"admin\",\"image\":{\"@type\":\"ImageObject\",\"inLanguage\":\"fr-FR\",\"@id\":\"https:\/\/laginette.com\/apscworld\/#\/schema\/person\/image\/\",\"url\":\"https:\/\/laginette.com\/apscworld\/wp-content\/uploads\/2024\/10\/logo_apsc_256x256.png\",\"contentUrl\":\"https:\/\/laginette.com\/apscworld\/wp-content\/uploads\/2024\/10\/logo_apsc_256x256.png\",\"width\":260,\"height\":260,\"caption\":\"admin\"},\"logo\":{\"@id\":\"https:\/\/laginette.com\/apscworld\/#\/schema\/person\/image\/\"},\"sameAs\":[\"https:\/\/laginette.com\/apscworld\"]}]}<\/script>\n<!-- \/ Yoast SEO plugin. -->","yoast_head_json":{"title":"T\u00e9l\u00e9chargement - APSC","robots":{"index":"index","follow":"follow","max-snippet":"max-snippet:-1","max-image-preview":"max-image-preview:large","max-video-preview":"max-video-preview:-1"},"canonical":"https:\/\/laginette.com\/apscworld\/index.php\/telechargement\/","og_locale":"fr_FR","og_type":"article","og_title":"T\u00e9l\u00e9chargement - APSC","og_description":"Pour tester, ex\u00e9cuter ou installer l&rsquo;application, cliquez sur le lien de t\u00e9l\u00e9chargement de votre syst\u00e8me d&rsquo;exploitation : Si vous \u00eates sous GNU\/Linux.Lire la suite","og_url":"https:\/\/laginette.com\/apscworld\/index.php\/telechargement\/","og_site_name":"APSC","article_modified_time":"2024-10-25T01:38:01+00:00","twitter_card":"summary_large_image","twitter_misc":{"Dur\u00e9e de lecture estim\u00e9e":"1 minute"},"schema":{"@context":"https:\/\/schema.org","@graph":[{"@type":"WebPage","@id":"https:\/\/laginette.com\/apscworld\/index.php\/telechargement\/","url":"https:\/\/laginette.com\/apscworld\/index.php\/telechargement\/","name":"T\u00e9l\u00e9chargement - APSC","isPartOf":{"@id":"https:\/\/laginette.com\/apscworld\/#website"},"datePublished":"2024-10-24T22:30:59+00:00","dateModified":"2024-10-25T01:38:01+00:00","breadcrumb":{"@id":"https:\/\/laginette.com\/apscworld\/index.php\/telechargement\/#breadcrumb"},"inLanguage":"fr-FR","potentialAction":[{"@type":"ReadAction","target":["https:\/\/laginette.com\/apscworld\/index.php\/telechargement\/"]}]},{"@type":"BreadcrumbList","@id":"https:\/\/laginette.com\/apscworld\/index.php\/telechargement\/#breadcrumb","itemListElement":[{"@type":"ListItem","position":1,"name":"Accueil","item":"https:\/\/laginette.com\/apscworld\/"},{"@type":"ListItem","position":2,"name":"T\u00e9l\u00e9chargement"}]},{"@type":"WebSite","@id":"https:\/\/laginette.com\/apscworld\/#website","url":"https:\/\/laginette.com\/apscworld\/","name":"ArtsPlastocSequenceConceptor","description":"Cr\u00e9er et \u00e9diter des s\u00e9quences de cours en arts plastiques","publisher":{"@id":"https:\/\/laginette.com\/apscworld\/#\/schema\/person\/db49008618e3803f13f1d94a96df04d7"},"potentialAction":[{"@type":"SearchAction","target":{"@type":"EntryPoint","urlTemplate":"https:\/\/laginette.com\/apscworld\/?s={search_term_string}"},"query-input":{"@type":"PropertyValueSpecification","valueRequired":true,"valueName":"search_term_string"}}],"inLanguage":"fr-FR"},{"@type":["Person","Organization"],"@id":"https:\/\/laginette.com\/apscworld\/#\/schema\/person\/db49008618e3803f13f1d94a96df04d7","name":"admin","image":{"@type":"ImageObject","inLanguage":"fr-FR","@id":"https:\/\/laginette.com\/apscworld\/#\/schema\/person\/image\/","url":"https:\/\/laginette.com\/apscworld\/wp-content\/uploads\/2024\/10\/logo_apsc_256x256.png","contentUrl":"https:\/\/laginette.com\/apscworld\/wp-content\/uploads\/2024\/10\/logo_apsc_256x256.png","width":260,"height":260,"caption":"admin"},"logo":{"@id":"https:\/\/laginette.com\/apscworld\/#\/schema\/person\/image\/"},"sameAs":["https:\/\/laginette.com\/apscworld"]}]}},"jetpack_sharing_enabled":true,"_links":{"self":[{"href":"https:\/\/laginette.com\/apscworld\/index.php\/wp-json\/wp\/v2\/pages\/82","targetHints":{"allow":["GET"]}}],"collection":[{"href":"https:\/\/laginette.com\/apscworld\/index.php\/wp-json\/wp\/v2\/pages"}],"about":[{"href":"https:\/\/laginette.com\/apscworld\/index.php\/wp-json\/wp\/v2\/types\/page"}],"author":[{"embeddable":true,"href":"https:\/\/laginette.com\/apscworld\/index.php\/wp-json\/wp\/v2\/users\/1"}],"replies":[{"embeddable":true,"href":"https:\/\/laginette.com\/apscworld\/index.php\/wp-json\/wp\/v2\/comments?post=82"}],"version-history":[{"count":9,"href":"https:\/\/laginette.com\/apscworld\/index.php\/wp-json\/wp\/v2\/pages\/82\/revisions"}],"predecessor-version":[{"id":101,"href":"https:\/\/laginette.com\/apscworld\/index.php\/wp-json\/wp\/v2\/pages\/82\/revisions\/101"}],"wp:attachment":[{"href":"https:\/\/laginette.com\/apscworld\/index.php\/wp-json\/wp\/v2\/media?parent=82"}],"curies":[{"name":"wp","href":"https:\/\/api.w.org\/{rel}","templated":true}]}}