{"id":67,"date":"2024-10-24T21:39:16","date_gmt":"2024-10-24T21:39:16","guid":{"rendered":"https:\/\/laginette.com\/apscworld\/?page_id=67"},"modified":"2024-10-26T01:31:28","modified_gmt":"2024-10-26T01:31:28","slug":"a-propos","status":"publish","type":"page","link":"https:\/\/laginette.com\/apscworld\/index.php\/a-propos\/","title":{"rendered":"A propos"},"content":{"rendered":"<p><strong>C&rsquo;est quoi exactement APSC (de son nom long ArtsPlastocSequenceConceptor) ?<\/strong><\/p>\n<p>Cette application va permettre \u00e0 la fois, de g\u00e9rer la mise en forme de la s\u00e9quence du professeur en arts plastiques (et en tenant compte des exigences disciplinaires), mais aussi la mise en page (simplifi\u00e9e) de la fiche \u00e9l\u00e8ve, et pour finir la disposition de la feuille d\u2019\u00e9valuation. Attention en aucun cas le logiciel ne construira la s\u00e9quence \u00e0 votre place, l\u00e0 c\u2019est le travail de l\u2019enseignant !<\/p>\n<p>Un des atouts de cette solution est qu\u2019elle donne la possibilit\u00e9 \u00e0 l\u2019enseignant de fractionner dans le temps la pr\u00e9paration de ses s\u00e9quences (les \u00e9l\u00e9ments constitutifs, c\u2019est \u00e0 dire, par exemple, l\u2019incitation, la demande, les notions abord\u00e9es, \u2026 le questionnement, les questions d\u2019enseignement, &#8230; les diff\u00e9rentes r\u00e9f\u00e9rences artistiques, les crit\u00e8res de l\u2019\u00e9valuation, &#8230; peuvent \u00eatre modifi\u00e9s \u00e0 tout moment dans l\u2019interface du logiciel).<\/p>\n<p>L\u2019application permet \u00e0 l\u2019enseignant d\u2019enregistrer ses pr\u00e9parations sous la forme d\u2019un fichier (avec extension .artp). Le professeur, pourra, d\u00e8s qu\u2019il le d\u00e9sire, \u00e9diter la dite s\u00e9quence, et en produire la fiche du professeur \u2026 et dans la foul\u00e9e la fiche \u00e9l\u00e8ve, &#8230; et pour finir la fiche d\u2019\u00e9valuation (avec un tableau comportant la liste des \u00e9l\u00e8ves mise en regard avec les crit\u00e8res d\u2019\u00e9valuation), tout ceci avec une grande facilit\u00e9, gr\u00e2ce \u00e0 une logique de fonctionnement et une interface ergonomiques.<\/p>\n<p>Le logiciel peut \u00eatre embarqu\u00e9 dans une cl\u00e9 USB, de cette mani\u00e8re les diff\u00e9rentes s\u00e9quences peuvent \u00eatre commenc\u00e9es dans la salle d\u2019arts plastiques et \u00eatre finalis\u00e9es \u00e0 la maison, ou l\u2019inverse.<\/p>\n<p><strong>A qui s&rsquo;adresse ce logiciel ?<\/strong><\/p>\n<p>Il s&rsquo;adresse principalement aux professeurs d&rsquo;arts plastiques (travaillant en coll\u00e8ge), mais peut \u00e9ventuellement \u00eatre utilis\u00e9 par des enseignants en fran\u00e7ais, en histoire ou en \u00e9ducation musicale (par exemple en cr\u00e9ant un document avec des questions en rapport \u00e0 des ouvres d&rsquo;art).<\/p>\n<p>Avec cet outil l&rsquo;enseignant en arts plastiques peut aussi cr\u00e9er un document style HDA, comme compl\u00e9ment p\u00e9dagogique.<\/p>\n<p><strong>Comment on l&rsquo;installe ?<\/strong><\/p>\n<p>Il faut d&rsquo;abord savoir que l&rsquo;application peut fonctionner sous les syst\u00e8mes d&rsquo;exploitation les plus r\u00e9pandus, c&rsquo;est \u00e0 dire GNU\/Linux, Windows et MacOSX..<\/p>\n<p>Vous pouvez l&rsquo;utiliser \u00e0 partir d&rsquo;une cl\u00e9 USB (en le d\u00e9zippant dans un r\u00e9pertoire dans la cl\u00e9), en tant que logiciel portable, mais aussi en l&rsquo;installant sur votre disque dur.<\/p>\n<p>Pour tout savoir sur le sujet, je vous encourage \u00e0 voir la documentation propos\u00e9e, pour une ex\u00e9cution\/installation :<\/p>\n<ul style=\"list-style-type: disc;\">\n<li><a href=\"http:\/\/laginette.com\/apsc\/documentation_web\/apsc_doc_papier_version_1_6_0__15_02_2020.html#x1-180007.1\">sous GNU\/Linux<\/a>.<\/li>\n<li><a href=\"http:\/\/laginette.com\/apsc\/documentation_web\/apsc_doc_papier_version_1_6_0__15_02_2020.html#x1-220007.2\">sous Windows<\/a>.<\/li>\n<li><a href=\"http:\/\/laginette.com\/apsc\/documentation_web\/apsc_doc_papier_version_1_6_0__15_02_2020.html#x1-260007.3\">sous MacOS<\/a>.<\/li>\n<\/ul>\n<p><strong>Comment on s&rsquo;en sert ?<\/strong><\/p>\n<p>Pour plus de d\u00e9tails, <a href=\"http:\/\/laginette.com\/apsc\/documentation_web\/apsc_doc_papier_version_1_6_0__15_02_2020.html\">lisez la documentation (elle est faite pour \u00e7a !)<\/a>.<\/p>\n","protected":false},"excerpt":{"rendered":"<p>C&rsquo;est quoi exactement APSC (de son nom long ArtsPlastocSequenceConceptor) ? Cette application va permettre \u00e0 la fois, de g\u00e9rer la mise en<\/p>\n<p class=\"link-more\"><a class=\"myButt \" href=\"https:\/\/laginette.com\/apscworld\/index.php\/a-propos\/\">Lire la suite<\/a><\/p>\n","protected":false},"author":1,"featured_media":0,"parent":0,"menu_order":0,"comment_status":"closed","ping_status":"closed","template":"","meta":{"_exactmetrics_skip_tracking":false,"_exactmetrics_sitenote_active":false,"_exactmetrics_sitenote_note":"","_exactmetrics_sitenote_category":0,"_uf_show_specific_survey":0,"_uf_disable_surveys":false,"ngg_post_thumbnail":0,"footnotes":""},"class_list":["post-67","page","type-page","status-publish","hentry"],"yoast_head":"<!-- This site is optimized with the Yoast SEO plugin v23.9 - https:\/\/yoast.com\/wordpress\/plugins\/seo\/ -->\n<title>A propos - APSC<\/title>\n<meta name=\"robots\" content=\"index, follow, max-snippet:-1, max-image-preview:large, max-video-preview:-1\" \/>\n<link rel=\"canonical\" href=\"https:\/\/laginette.com\/apscworld\/index.php\/a-propos\/\" \/>\n<meta property=\"og:locale\" content=\"fr_FR\" \/>\n<meta property=\"og:type\" content=\"article\" \/>\n<meta property=\"og:title\" content=\"A propos - APSC\" \/>\n<meta property=\"og:description\" content=\"C&rsquo;est quoi exactement APSC (de son nom long ArtsPlastocSequenceConceptor) ? Cette application va permettre \u00e0 la fois, de g\u00e9rer la mise enLire la suite\" \/>\n<meta property=\"og:url\" content=\"https:\/\/laginette.com\/apscworld\/index.php\/a-propos\/\" \/>\n<meta property=\"og:site_name\" content=\"APSC\" \/>\n<meta property=\"article:modified_time\" content=\"2024-10-26T01:31:28+00:00\" \/>\n<meta name=\"twitter:card\" content=\"summary_large_image\" \/>\n<meta name=\"twitter:label1\" content=\"Dur\u00e9e de lecture estim\u00e9e\" \/>\n\t<meta name=\"twitter:data1\" content=\"3 minutes\" \/>\n<script type=\"application\/ld+json\" class=\"yoast-schema-graph\">{\"@context\":\"https:\/\/schema.org\",\"@graph\":[{\"@type\":\"WebPage\",\"@id\":\"https:\/\/laginette.com\/apscworld\/index.php\/a-propos\/\",\"url\":\"https:\/\/laginette.com\/apscworld\/index.php\/a-propos\/\",\"name\":\"A propos - APSC\",\"isPartOf\":{\"@id\":\"https:\/\/laginette.com\/apscworld\/#website\"},\"datePublished\":\"2024-10-24T21:39:16+00:00\",\"dateModified\":\"2024-10-26T01:31:28+00:00\",\"breadcrumb\":{\"@id\":\"https:\/\/laginette.com\/apscworld\/index.php\/a-propos\/#breadcrumb\"},\"inLanguage\":\"fr-FR\",\"potentialAction\":[{\"@type\":\"ReadAction\",\"target\":[\"https:\/\/laginette.com\/apscworld\/index.php\/a-propos\/\"]}]},{\"@type\":\"BreadcrumbList\",\"@id\":\"https:\/\/laginette.com\/apscworld\/index.php\/a-propos\/#breadcrumb\",\"itemListElement\":[{\"@type\":\"ListItem\",\"position\":1,\"name\":\"Accueil\",\"item\":\"https:\/\/laginette.com\/apscworld\/\"},{\"@type\":\"ListItem\",\"position\":2,\"name\":\"A propos\"}]},{\"@type\":\"WebSite\",\"@id\":\"https:\/\/laginette.com\/apscworld\/#website\",\"url\":\"https:\/\/laginette.com\/apscworld\/\",\"name\":\"ArtsPlastocSequenceConceptor\",\"description\":\"Cr\u00e9er et \u00e9diter des s\u00e9quences de cours en arts plastiques\",\"publisher\":{\"@id\":\"https:\/\/laginette.com\/apscworld\/#\/schema\/person\/db49008618e3803f13f1d94a96df04d7\"},\"potentialAction\":[{\"@type\":\"SearchAction\",\"target\":{\"@type\":\"EntryPoint\",\"urlTemplate\":\"https:\/\/laginette.com\/apscworld\/?s={search_term_string}\"},\"query-input\":{\"@type\":\"PropertyValueSpecification\",\"valueRequired\":true,\"valueName\":\"search_term_string\"}}],\"inLanguage\":\"fr-FR\"},{\"@type\":[\"Person\",\"Organization\"],\"@id\":\"https:\/\/laginette.com\/apscworld\/#\/schema\/person\/db49008618e3803f13f1d94a96df04d7\",\"name\":\"admin\",\"image\":{\"@type\":\"ImageObject\",\"inLanguage\":\"fr-FR\",\"@id\":\"https:\/\/laginette.com\/apscworld\/#\/schema\/person\/image\/\",\"url\":\"https:\/\/laginette.com\/apscworld\/wp-content\/uploads\/2024\/10\/logo_apsc_256x256.png\",\"contentUrl\":\"https:\/\/laginette.com\/apscworld\/wp-content\/uploads\/2024\/10\/logo_apsc_256x256.png\",\"width\":260,\"height\":260,\"caption\":\"admin\"},\"logo\":{\"@id\":\"https:\/\/laginette.com\/apscworld\/#\/schema\/person\/image\/\"},\"sameAs\":[\"https:\/\/laginette.com\/apscworld\"]}]}<\/script>\n<!-- \/ Yoast SEO plugin. -->","yoast_head_json":{"title":"A propos - APSC","robots":{"index":"index","follow":"follow","max-snippet":"max-snippet:-1","max-image-preview":"max-image-preview:large","max-video-preview":"max-video-preview:-1"},"canonical":"https:\/\/laginette.com\/apscworld\/index.php\/a-propos\/","og_locale":"fr_FR","og_type":"article","og_title":"A propos - APSC","og_description":"C&rsquo;est quoi exactement APSC (de son nom long ArtsPlastocSequenceConceptor) ? Cette application va permettre \u00e0 la fois, de g\u00e9rer la mise enLire la suite","og_url":"https:\/\/laginette.com\/apscworld\/index.php\/a-propos\/","og_site_name":"APSC","article_modified_time":"2024-10-26T01:31:28+00:00","twitter_card":"summary_large_image","twitter_misc":{"Dur\u00e9e de lecture estim\u00e9e":"3 minutes"},"schema":{"@context":"https:\/\/schema.org","@graph":[{"@type":"WebPage","@id":"https:\/\/laginette.com\/apscworld\/index.php\/a-propos\/","url":"https:\/\/laginette.com\/apscworld\/index.php\/a-propos\/","name":"A propos - APSC","isPartOf":{"@id":"https:\/\/laginette.com\/apscworld\/#website"},"datePublished":"2024-10-24T21:39:16+00:00","dateModified":"2024-10-26T01:31:28+00:00","breadcrumb":{"@id":"https:\/\/laginette.com\/apscworld\/index.php\/a-propos\/#breadcrumb"},"inLanguage":"fr-FR","potentialAction":[{"@type":"ReadAction","target":["https:\/\/laginette.com\/apscworld\/index.php\/a-propos\/"]}]},{"@type":"BreadcrumbList","@id":"https:\/\/laginette.com\/apscworld\/index.php\/a-propos\/#breadcrumb","itemListElement":[{"@type":"ListItem","position":1,"name":"Accueil","item":"https:\/\/laginette.com\/apscworld\/"},{"@type":"ListItem","position":2,"name":"A propos"}]},{"@type":"WebSite","@id":"https:\/\/laginette.com\/apscworld\/#website","url":"https:\/\/laginette.com\/apscworld\/","name":"ArtsPlastocSequenceConceptor","description":"Cr\u00e9er et \u00e9diter des s\u00e9quences de cours en arts plastiques","publisher":{"@id":"https:\/\/laginette.com\/apscworld\/#\/schema\/person\/db49008618e3803f13f1d94a96df04d7"},"potentialAction":[{"@type":"SearchAction","target":{"@type":"EntryPoint","urlTemplate":"https:\/\/laginette.com\/apscworld\/?s={search_term_string}"},"query-input":{"@type":"PropertyValueSpecification","valueRequired":true,"valueName":"search_term_string"}}],"inLanguage":"fr-FR"},{"@type":["Person","Organization"],"@id":"https:\/\/laginette.com\/apscworld\/#\/schema\/person\/db49008618e3803f13f1d94a96df04d7","name":"admin","image":{"@type":"ImageObject","inLanguage":"fr-FR","@id":"https:\/\/laginette.com\/apscworld\/#\/schema\/person\/image\/","url":"https:\/\/laginette.com\/apscworld\/wp-content\/uploads\/2024\/10\/logo_apsc_256x256.png","contentUrl":"https:\/\/laginette.com\/apscworld\/wp-content\/uploads\/2024\/10\/logo_apsc_256x256.png","width":260,"height":260,"caption":"admin"},"logo":{"@id":"https:\/\/laginette.com\/apscworld\/#\/schema\/person\/image\/"},"sameAs":["https:\/\/laginette.com\/apscworld"]}]}},"jetpack_sharing_enabled":true,"_links":{"self":[{"href":"https:\/\/laginette.com\/apscworld\/index.php\/wp-json\/wp\/v2\/pages\/67","targetHints":{"allow":["GET"]}}],"collection":[{"href":"https:\/\/laginette.com\/apscworld\/index.php\/wp-json\/wp\/v2\/pages"}],"about":[{"href":"https:\/\/laginette.com\/apscworld\/index.php\/wp-json\/wp\/v2\/types\/page"}],"author":[{"embeddable":true,"href":"https:\/\/laginette.com\/apscworld\/index.php\/wp-json\/wp\/v2\/users\/1"}],"replies":[{"embeddable":true,"href":"https:\/\/laginette.com\/apscworld\/index.php\/wp-json\/wp\/v2\/comments?post=67"}],"version-history":[{"count":15,"href":"https:\/\/laginette.com\/apscworld\/index.php\/wp-json\/wp\/v2\/pages\/67\/revisions"}],"predecessor-version":[{"id":132,"href":"https:\/\/laginette.com\/apscworld\/index.php\/wp-json\/wp\/v2\/pages\/67\/revisions\/132"}],"wp:attachment":[{"href":"https:\/\/laginette.com\/apscworld\/index.php\/wp-json\/wp\/v2\/media?parent=67"}],"curies":[{"name":"wp","href":"https:\/\/api.w.org\/{rel}","templated":true}]}}