{"id":153,"date":"2024-10-27T18:21:23","date_gmt":"2024-10-27T18:21:23","guid":{"rendered":"https:\/\/laginette.com\/apscworld\/?page_id=153"},"modified":"2024-11-01T02:09:39","modified_gmt":"2024-11-01T02:09:39","slug":"captures-decran","status":"publish","type":"page","link":"https:\/\/laginette.com\/apscworld\/index.php\/captures-decran\/","title":{"rendered":"Captures d&rsquo;\u00e9cran"},"content":{"rendered":"<p>ngg_shortcode_0_placeholderLaissez d\u00e9filer le diaporama des copies d&rsquo;\u00e9cran.<\/p>\n<p>Si vous voulez voir une image en taille r\u00e9elle cliquez dessus (et utilisez ensuite les fl\u00e8ches gauche \/droite pour faire d\u00e9filer les images)..<\/p>\n","protected":false},"excerpt":{"rendered":"<p>Laissez d\u00e9filer le diaporama des copies d&rsquo;\u00e9cran. Si vous voulez voir une image en taille r\u00e9elle cliquez dessus (et utilisez ensuite les<\/p>\n<p class=\"link-more\"><a class=\"myButt \" href=\"https:\/\/laginette.com\/apscworld\/index.php\/captures-decran\/\">Lire la suite<\/a><\/p>\n","protected":false},"author":1,"featured_media":0,"parent":0,"menu_order":0,"comment_status":"closed","ping_status":"closed","template":"","meta":{"_exactmetrics_skip_tracking":false,"_exactmetrics_sitenote_active":false,"_exactmetrics_sitenote_note":"","_exactmetrics_sitenote_category":0,"_uf_show_specific_survey":0,"_uf_disable_surveys":false,"ngg_post_thumbnail":0,"footnotes":""},"class_list":["post-153","page","type-page","status-publish","hentry"],"yoast_head":"<!-- This site is optimized with the Yoast SEO plugin v23.9 - https:\/\/yoast.com\/wordpress\/plugins\/seo\/ -->\n<title>Captures d&#039;\u00e9cran - APSC<\/title>\n<meta name=\"robots\" content=\"index, follow, max-snippet:-1, max-image-preview:large, max-video-preview:-1\" \/>\n<link rel=\"canonical\" href=\"https:\/\/laginette.com\/apscworld\/index.php\/captures-decran\/\" \/>\n<meta property=\"og:locale\" content=\"fr_FR\" \/>\n<meta property=\"og:type\" content=\"article\" \/>\n<meta property=\"og:title\" content=\"Captures d&#039;\u00e9cran - APSC\" \/>\n<meta property=\"og:description\" content=\"Laissez d\u00e9filer le diaporama des copies d&rsquo;\u00e9cran. Si vous voulez voir une image en taille r\u00e9elle cliquez dessus (et utilisez ensuite lesLire la suite\" \/>\n<meta property=\"og:url\" content=\"https:\/\/laginette.com\/apscworld\/index.php\/captures-decran\/\" \/>\n<meta property=\"og:site_name\" content=\"APSC\" \/>\n<meta property=\"article:modified_time\" content=\"2024-11-01T02:09:39+00:00\" \/>\n<meta name=\"twitter:card\" content=\"summary_large_image\" \/>\n<meta name=\"twitter:label1\" content=\"Dur\u00e9e de lecture estim\u00e9e\" \/>\n\t<meta name=\"twitter:data1\" content=\"1 minute\" \/>\n<script type=\"application\/ld+json\" class=\"yoast-schema-graph\">{\"@context\":\"https:\/\/schema.org\",\"@graph\":[{\"@type\":\"WebPage\",\"@id\":\"https:\/\/laginette.com\/apscworld\/index.php\/captures-decran\/\",\"url\":\"https:\/\/laginette.com\/apscworld\/index.php\/captures-decran\/\",\"name\":\"Captures d'\u00e9cran - APSC\",\"isPartOf\":{\"@id\":\"https:\/\/laginette.com\/apscworld\/#website\"},\"datePublished\":\"2024-10-27T18:21:23+00:00\",\"dateModified\":\"2024-11-01T02:09:39+00:00\",\"breadcrumb\":{\"@id\":\"https:\/\/laginette.com\/apscworld\/index.php\/captures-decran\/#breadcrumb\"},\"inLanguage\":\"fr-FR\",\"potentialAction\":[{\"@type\":\"ReadAction\",\"target\":[\"https:\/\/laginette.com\/apscworld\/index.php\/captures-decran\/\"]}]},{\"@type\":\"BreadcrumbList\",\"@id\":\"https:\/\/laginette.com\/apscworld\/index.php\/captures-decran\/#breadcrumb\",\"itemListElement\":[{\"@type\":\"ListItem\",\"position\":1,\"name\":\"Accueil\",\"item\":\"https:\/\/laginette.com\/apscworld\/\"},{\"@type\":\"ListItem\",\"position\":2,\"name\":\"Captures d&rsquo;\u00e9cran\"}]},{\"@type\":\"WebSite\",\"@id\":\"https:\/\/laginette.com\/apscworld\/#website\",\"url\":\"https:\/\/laginette.com\/apscworld\/\",\"name\":\"ArtsPlastocSequenceConceptor\",\"description\":\"Cr\u00e9er et \u00e9diter des s\u00e9quences de cours en arts plastiques\",\"publisher\":{\"@id\":\"https:\/\/laginette.com\/apscworld\/#\/schema\/person\/db49008618e3803f13f1d94a96df04d7\"},\"potentialAction\":[{\"@type\":\"SearchAction\",\"target\":{\"@type\":\"EntryPoint\",\"urlTemplate\":\"https:\/\/laginette.com\/apscworld\/?s={search_term_string}\"},\"query-input\":{\"@type\":\"PropertyValueSpecification\",\"valueRequired\":true,\"valueName\":\"search_term_string\"}}],\"inLanguage\":\"fr-FR\"},{\"@type\":[\"Person\",\"Organization\"],\"@id\":\"https:\/\/laginette.com\/apscworld\/#\/schema\/person\/db49008618e3803f13f1d94a96df04d7\",\"name\":\"admin\",\"image\":{\"@type\":\"ImageObject\",\"inLanguage\":\"fr-FR\",\"@id\":\"https:\/\/laginette.com\/apscworld\/#\/schema\/person\/image\/\",\"url\":\"https:\/\/laginette.com\/apscworld\/wp-content\/uploads\/2024\/10\/logo_apsc_256x256.png\",\"contentUrl\":\"https:\/\/laginette.com\/apscworld\/wp-content\/uploads\/2024\/10\/logo_apsc_256x256.png\",\"width\":260,\"height\":260,\"caption\":\"admin\"},\"logo\":{\"@id\":\"https:\/\/laginette.com\/apscworld\/#\/schema\/person\/image\/\"},\"sameAs\":[\"https:\/\/laginette.com\/apscworld\"]}]}<\/script>\n<!-- \/ Yoast SEO plugin. -->","yoast_head_json":{"title":"Captures d'\u00e9cran - APSC","robots":{"index":"index","follow":"follow","max-snippet":"max-snippet:-1","max-image-preview":"max-image-preview:large","max-video-preview":"max-video-preview:-1"},"canonical":"https:\/\/laginette.com\/apscworld\/index.php\/captures-decran\/","og_locale":"fr_FR","og_type":"article","og_title":"Captures d'\u00e9cran - APSC","og_description":"Laissez d\u00e9filer le diaporama des copies d&rsquo;\u00e9cran. Si vous voulez voir une image en taille r\u00e9elle cliquez dessus (et utilisez ensuite lesLire la suite","og_url":"https:\/\/laginette.com\/apscworld\/index.php\/captures-decran\/","og_site_name":"APSC","article_modified_time":"2024-11-01T02:09:39+00:00","twitter_card":"summary_large_image","twitter_misc":{"Dur\u00e9e de lecture estim\u00e9e":"1 minute"},"schema":{"@context":"https:\/\/schema.org","@graph":[{"@type":"WebPage","@id":"https:\/\/laginette.com\/apscworld\/index.php\/captures-decran\/","url":"https:\/\/laginette.com\/apscworld\/index.php\/captures-decran\/","name":"Captures d'\u00e9cran - APSC","isPartOf":{"@id":"https:\/\/laginette.com\/apscworld\/#website"},"datePublished":"2024-10-27T18:21:23+00:00","dateModified":"2024-11-01T02:09:39+00:00","breadcrumb":{"@id":"https:\/\/laginette.com\/apscworld\/index.php\/captures-decran\/#breadcrumb"},"inLanguage":"fr-FR","potentialAction":[{"@type":"ReadAction","target":["https:\/\/laginette.com\/apscworld\/index.php\/captures-decran\/"]}]},{"@type":"BreadcrumbList","@id":"https:\/\/laginette.com\/apscworld\/index.php\/captures-decran\/#breadcrumb","itemListElement":[{"@type":"ListItem","position":1,"name":"Accueil","item":"https:\/\/laginette.com\/apscworld\/"},{"@type":"ListItem","position":2,"name":"Captures d&rsquo;\u00e9cran"}]},{"@type":"WebSite","@id":"https:\/\/laginette.com\/apscworld\/#website","url":"https:\/\/laginette.com\/apscworld\/","name":"ArtsPlastocSequenceConceptor","description":"Cr\u00e9er et \u00e9diter des s\u00e9quences de cours en arts plastiques","publisher":{"@id":"https:\/\/laginette.com\/apscworld\/#\/schema\/person\/db49008618e3803f13f1d94a96df04d7"},"potentialAction":[{"@type":"SearchAction","target":{"@type":"EntryPoint","urlTemplate":"https:\/\/laginette.com\/apscworld\/?s={search_term_string}"},"query-input":{"@type":"PropertyValueSpecification","valueRequired":true,"valueName":"search_term_string"}}],"inLanguage":"fr-FR"},{"@type":["Person","Organization"],"@id":"https:\/\/laginette.com\/apscworld\/#\/schema\/person\/db49008618e3803f13f1d94a96df04d7","name":"admin","image":{"@type":"ImageObject","inLanguage":"fr-FR","@id":"https:\/\/laginette.com\/apscworld\/#\/schema\/person\/image\/","url":"https:\/\/laginette.com\/apscworld\/wp-content\/uploads\/2024\/10\/logo_apsc_256x256.png","contentUrl":"https:\/\/laginette.com\/apscworld\/wp-content\/uploads\/2024\/10\/logo_apsc_256x256.png","width":260,"height":260,"caption":"admin"},"logo":{"@id":"https:\/\/laginette.com\/apscworld\/#\/schema\/person\/image\/"},"sameAs":["https:\/\/laginette.com\/apscworld"]}]}},"jetpack_sharing_enabled":true,"_links":{"self":[{"href":"https:\/\/laginette.com\/apscworld\/index.php\/wp-json\/wp\/v2\/pages\/153","targetHints":{"allow":["GET"]}}],"collection":[{"href":"https:\/\/laginette.com\/apscworld\/index.php\/wp-json\/wp\/v2\/pages"}],"about":[{"href":"https:\/\/laginette.com\/apscworld\/index.php\/wp-json\/wp\/v2\/types\/page"}],"author":[{"embeddable":true,"href":"https:\/\/laginette.com\/apscworld\/index.php\/wp-json\/wp\/v2\/users\/1"}],"replies":[{"embeddable":true,"href":"https:\/\/laginette.com\/apscworld\/index.php\/wp-json\/wp\/v2\/comments?post=153"}],"version-history":[{"count":11,"href":"https:\/\/laginette.com\/apscworld\/index.php\/wp-json\/wp\/v2\/pages\/153\/revisions"}],"predecessor-version":[{"id":260,"href":"https:\/\/laginette.com\/apscworld\/index.php\/wp-json\/wp\/v2\/pages\/153\/revisions\/260"}],"wp:attachment":[{"href":"https:\/\/laginette.com\/apscworld\/index.php\/wp-json\/wp\/v2\/media?parent=153"}],"curies":[{"name":"wp","href":"https:\/\/api.w.org\/{rel}","templated":true}]}}