{"id":111,"date":"2024-10-25T09:17:54","date_gmt":"2024-10-25T09:17:54","guid":{"rendered":"https:\/\/laginette.com\/apscworld\/?page_id=111"},"modified":"2024-11-11T14:59:10","modified_gmt":"2024-11-11T14:59:10","slug":"documentation","status":"publish","type":"page","link":"https:\/\/laginette.com\/apscworld\/index.php\/documentation\/","title":{"rendered":"Documentation"},"content":{"rendered":"<p>La documentation compl\u00e8te (de la version 1.6.0) sur l&rsquo;utilisation du logiciel <a href=\"http:\/\/laginette.com\/apsc\/documentation_web\/apsc_doc_papier_version_1_6_0__15_02_2020.html\" target=\"_blank\" rel=\"noopener\">peut \u00eatre consult\u00e9e ici<\/a> &#8230; <a href=\"https:\/\/laginette.com\/apsc\/download\/apsc_doc_1_6_0_15_02_2020.pdf\" target=\"_blank\" rel=\"noopener\">ou ici sous la forme d&rsquo;un fichier PDF.<\/a><\/p>\n<p>De nouvelles fonctionnalit\u00e9s sont apparues dans la version 3.0.0, <a href=\"https:\/\/laginette.com\/apsc\/documentation_web\/composeur\/doc_web_composeur.html\" target=\"_blank\" rel=\"noopener\">notamment le composeur<\/a>. Quelques copies d&rsquo;\u00e9cran et une affiche produite de ce nouveau module :<\/p>\n<p><img loading=\"lazy\" decoding=\"async\" class=\"alignnone size-full wp-image-114\" src=\"https:\/\/laginette.com\/apscworld\/wp-content\/uploads\/2024\/10\/img_doc_composeur_0003.png\" alt=\"\" width=\"1100\" height=\"725\" srcset=\"https:\/\/laginette.com\/apscworld\/wp-content\/uploads\/2024\/10\/img_doc_composeur_0003.png 1100w, https:\/\/laginette.com\/apscworld\/wp-content\/uploads\/2024\/10\/img_doc_composeur_0003-300x198.png 300w, https:\/\/laginette.com\/apscworld\/wp-content\/uploads\/2024\/10\/img_doc_composeur_0003-1024x675.png 1024w, https:\/\/laginette.com\/apscworld\/wp-content\/uploads\/2024\/10\/img_doc_composeur_0003-768x506.png 768w\" sizes=\"auto, (max-width: 1100px) 100vw, 1100px\" \/><\/p>\n<p><img loading=\"lazy\" decoding=\"async\" class=\"alignnone size-full wp-image-116\" src=\"https:\/\/laginette.com\/apscworld\/wp-content\/uploads\/2024\/10\/img_doc_composeur_0091.png\" alt=\"\" width=\"1100\" height=\"722\" srcset=\"https:\/\/laginette.com\/apscworld\/wp-content\/uploads\/2024\/10\/img_doc_composeur_0091.png 1100w, https:\/\/laginette.com\/apscworld\/wp-content\/uploads\/2024\/10\/img_doc_composeur_0091-300x197.png 300w, https:\/\/laginette.com\/apscworld\/wp-content\/uploads\/2024\/10\/img_doc_composeur_0091-1024x672.png 1024w, https:\/\/laginette.com\/apscworld\/wp-content\/uploads\/2024\/10\/img_doc_composeur_0091-768x504.png 768w\" sizes=\"auto, (max-width: 1100px) 100vw, 1100px\" \/><\/p>\n<p><img loading=\"lazy\" decoding=\"async\" class=\"alignnone size-full wp-image-115\" src=\"https:\/\/laginette.com\/apscworld\/wp-content\/uploads\/2024\/10\/img_doc_composeur_0095.png\" alt=\"\" width=\"1100\" height=\"722\" srcset=\"https:\/\/laginette.com\/apscworld\/wp-content\/uploads\/2024\/10\/img_doc_composeur_0095.png 1100w, https:\/\/laginette.com\/apscworld\/wp-content\/uploads\/2024\/10\/img_doc_composeur_0095-300x197.png 300w, https:\/\/laginette.com\/apscworld\/wp-content\/uploads\/2024\/10\/img_doc_composeur_0095-1024x672.png 1024w, https:\/\/laginette.com\/apscworld\/wp-content\/uploads\/2024\/10\/img_doc_composeur_0095-768x504.png 768w\" sizes=\"auto, (max-width: 1100px) 100vw, 1100px\" \/><\/p>\n<p><img loading=\"lazy\" decoding=\"async\" class=\"alignnone size-full wp-image-119\" src=\"https:\/\/laginette.com\/apscworld\/wp-content\/uploads\/2024\/10\/img_doc_composeur_0119.png\" alt=\"\" width=\"1100\" height=\"738\" srcset=\"https:\/\/laginette.com\/apscworld\/wp-content\/uploads\/2024\/10\/img_doc_composeur_0119.png 1100w, https:\/\/laginette.com\/apscworld\/wp-content\/uploads\/2024\/10\/img_doc_composeur_0119-300x201.png 300w, https:\/\/laginette.com\/apscworld\/wp-content\/uploads\/2024\/10\/img_doc_composeur_0119-1024x687.png 1024w, https:\/\/laginette.com\/apscworld\/wp-content\/uploads\/2024\/10\/img_doc_composeur_0119-768x515.png 768w\" sizes=\"auto, (max-width: 1100px) 100vw, 1100px\" \/><\/p>\n<p><img loading=\"lazy\" decoding=\"async\" class=\"alignnone size-large wp-image-185\" src=\"https:\/\/laginette.com\/apscworld\/wp-content\/uploads\/2024\/10\/pub_apsc_3_0_0_composeur-724x1024.png\" alt=\"\" width=\"640\" height=\"905\" srcset=\"https:\/\/laginette.com\/apscworld\/wp-content\/uploads\/2024\/10\/pub_apsc_3_0_0_composeur-724x1024.png 724w, https:\/\/laginette.com\/apscworld\/wp-content\/uploads\/2024\/10\/pub_apsc_3_0_0_composeur-212x300.png 212w, https:\/\/laginette.com\/apscworld\/wp-content\/uploads\/2024\/10\/pub_apsc_3_0_0_composeur-768x1087.png 768w, https:\/\/laginette.com\/apscworld\/wp-content\/uploads\/2024\/10\/pub_apsc_3_0_0_composeur-1085x1536.png 1085w, https:\/\/laginette.com\/apscworld\/wp-content\/uploads\/2024\/10\/pub_apsc_3_0_0_composeur.png 1291w\" sizes=\"auto, (max-width: 640px) 100vw, 640px\" \/><\/p>\n<p>Apr\u00e8s avoir lu les documentations et test\u00e9 APSC, vous pouvez participer au sondage juste en dessous :<\/p>\n<div class=\"wpforms-container wpforms-container-full wpforms-render-modern\" id=\"wpforms-125\"><form id=\"wpforms-form-125\" class=\"wpforms-validate wpforms-form wpforms-ajax-form\" data-formid=\"125\" method=\"post\" enctype=\"multipart\/form-data\" action=\"\/apscworld\/index.php\/wp-json\/wp\/v2\/pages\/111\" data-token=\"d772725b550651c6a9e07b66bc1b1316\" data-token-time=\"1776879717\"><noscript class=\"wpforms-error-noscript\">Veuillez activer JavaScript dans votre navigateur pour remplir ce formulaire.<\/noscript><div class=\"wpforms-hidden\" id=\"wpforms-error-noscript\">Veuillez activer JavaScript dans votre navigateur pour remplir ce formulaire.<\/div><div class=\"wpforms-field-container\"><div id=\"wpforms-125-field_1-container\" class=\"wpforms-field wpforms-field-name\" data-field-id=\"1\"><fieldset><legend class=\"wpforms-field-label\">Nom <span class=\"wpforms-required-label\" aria-hidden=\"true\">*<\/span><\/legend><div class=\"wpforms-field-row wpforms-field-medium\"><div class=\"wpforms-field-row-block wpforms-first wpforms-one-half\"><input type=\"text\" id=\"wpforms-125-field_1\" class=\"wpforms-field-name-first wpforms-field-required\" name=\"wpforms[fields][1][first]\" aria-errormessage=\"wpforms-125-field_1-error\" required><label for=\"wpforms-125-field_1\" class=\"wpforms-field-sublabel after\">Pr\u00e9nom<\/label><\/div><div class=\"wpforms-field-row-block wpforms-one-half\"><input type=\"text\" id=\"wpforms-125-field_1-last\" class=\"wpforms-field-name-last wpforms-field-required\" name=\"wpforms[fields][1][last]\" aria-errormessage=\"wpforms-125-field_1-last-error\" required><label for=\"wpforms-125-field_1-last\" class=\"wpforms-field-sublabel after\">Nom<\/label><\/div><\/div><\/fieldset><\/div><div id=\"wpforms-125-field_2-container\" class=\"wpforms-field wpforms-field-email\" data-field-id=\"2\"><label class=\"wpforms-field-label\" for=\"wpforms-125-field_2\">E-mail <span class=\"wpforms-required-label\" aria-hidden=\"true\">*<\/span><\/label><input type=\"email\" id=\"wpforms-125-field_2\" class=\"wpforms-field-medium wpforms-field-required\" name=\"wpforms[fields][2]\" spellcheck=\"false\" aria-errormessage=\"wpforms-125-field_2-error\" required><\/div><div id=\"wpforms-125-field_5-container\" class=\"wpforms-field wpforms-field-checkbox\" data-field-id=\"5\"><fieldset><legend class=\"wpforms-field-label\">Que pensez-vous d&#039;APSC ?<\/legend><ul id=\"wpforms-125-field_5\" data-choice-limit=\"1\"><li class=\"choice-1 depth-1\"><input type=\"checkbox\" id=\"wpforms-125-field_5_1\" data-rule-check-limit=\"true\" name=\"wpforms[fields][5][]\" value=\"J&#039;adore !\" aria-errormessage=\"wpforms-125-field_5_1-error\"  ><label class=\"wpforms-field-label-inline\" for=\"wpforms-125-field_5_1\">J'adore !<\/label><\/li><li class=\"choice-2 depth-1\"><input type=\"checkbox\" id=\"wpforms-125-field_5_2\" data-rule-check-limit=\"true\" name=\"wpforms[fields][5][]\" value=\"Bien.\" aria-errormessage=\"wpforms-125-field_5_2-error\"  ><label class=\"wpforms-field-label-inline\" for=\"wpforms-125-field_5_2\">Bien.<\/label><\/li><li class=\"choice-3 depth-1\"><input type=\"checkbox\" id=\"wpforms-125-field_5_3\" data-rule-check-limit=\"true\" name=\"wpforms[fields][5][]\" value=\"Pas mal.\" aria-errormessage=\"wpforms-125-field_5_3-error\"  ><label class=\"wpforms-field-label-inline\" for=\"wpforms-125-field_5_3\">Pas mal.<\/label><\/li><li class=\"choice-4 depth-1\"><input type=\"checkbox\" id=\"wpforms-125-field_5_4\" data-rule-check-limit=\"true\" name=\"wpforms[fields][5][]\" value=\"Je ne vois pas \u00e0 quoi \u00e7a sert !\" aria-errormessage=\"wpforms-125-field_5_4-error\"  ><label class=\"wpforms-field-label-inline\" for=\"wpforms-125-field_5_4\">Je ne vois pas \u00e0 quoi \u00e7a sert !<\/label><\/li><li class=\"choice-5 depth-1\"><input type=\"checkbox\" id=\"wpforms-125-field_5_5\" data-rule-check-limit=\"true\" name=\"wpforms[fields][5][]\" value=\"C&#039;est nul !\" aria-errormessage=\"wpforms-125-field_5_5-error\"  ><label class=\"wpforms-field-label-inline\" for=\"wpforms-125-field_5_5\">C'est nul !<\/label><\/li><\/ul><\/fieldset><\/div><\/div><!-- .wpforms-field-container --><div class=\"wpforms-recaptcha-container wpforms-is-recaptcha wpforms-is-recaptcha-type-v2\" ><div class=\"g-recaptcha\" data-sitekey=\"6LfjHnkqAAAAAOVyRfcHIKF18mnErfAnxPr5Qz9c\"><\/div><input type=\"text\" name=\"g-recaptcha-hidden\" class=\"wpforms-recaptcha-hidden\" style=\"position:absolute!important;clip:rect(0,0,0,0)!important;height:1px!important;width:1px!important;border:0!important;overflow:hidden!important;padding:0!important;margin:0!important;\" data-rule-recaptcha=\"1\"><\/div><div class=\"wpforms-submit-container\" ><input type=\"hidden\" name=\"wpforms[id]\" value=\"125\"><input type=\"hidden\" name=\"page_title\" value=\"\"><input type=\"hidden\" name=\"page_url\" value=\"https:\/\/laginette.com\/apscworld\/index.php\/wp-json\/wp\/v2\/pages\/111\"><button type=\"submit\" name=\"wpforms[submit]\" id=\"wpforms-submit-125\" class=\"wpforms-submit\" data-alt-text=\"Envoi...\" data-submit-text=\"Envoyer\" aria-live=\"assertive\" value=\"wpforms-submit\">Envoyer<\/button><img loading=\"lazy\" decoding=\"async\" src=\"https:\/\/laginette.com\/apscworld\/wp-content\/plugins\/wpforms-lite\/assets\/images\/submit-spin.svg\" class=\"wpforms-submit-spinner\" style=\"display: none;\" width=\"26\" height=\"26\" alt=\"Chargement en cours\"><\/div><\/form><\/div>  <!-- .wpforms-container -->\n","protected":false},"excerpt":{"rendered":"<p>La documentation compl\u00e8te (de la version 1.6.0) sur l&rsquo;utilisation du logiciel peut \u00eatre consult\u00e9e ici &#8230; ou ici sous la forme d&rsquo;un<\/p>\n<p class=\"link-more\"><a class=\"myButt \" href=\"https:\/\/laginette.com\/apscworld\/index.php\/documentation\/\">Lire la suite<\/a><\/p>\n","protected":false},"author":1,"featured_media":0,"parent":0,"menu_order":0,"comment_status":"closed","ping_status":"closed","template":"","meta":{"_exactmetrics_skip_tracking":false,"_exactmetrics_sitenote_active":false,"_exactmetrics_sitenote_note":"","_exactmetrics_sitenote_category":0,"_uf_show_specific_survey":0,"_uf_disable_surveys":false,"ngg_post_thumbnail":0,"footnotes":""},"class_list":["post-111","page","type-page","status-publish","hentry"],"yoast_head":"<!-- This site is optimized with the Yoast SEO plugin v23.9 - https:\/\/yoast.com\/wordpress\/plugins\/seo\/ -->\n<title>Documentation - APSC<\/title>\n<meta name=\"robots\" content=\"index, follow, max-snippet:-1, max-image-preview:large, max-video-preview:-1\" \/>\n<link rel=\"canonical\" href=\"https:\/\/laginette.com\/apscworld\/index.php\/documentation\/\" \/>\n<meta property=\"og:locale\" content=\"fr_FR\" \/>\n<meta property=\"og:type\" content=\"article\" \/>\n<meta property=\"og:title\" content=\"Documentation - APSC\" \/>\n<meta property=\"og:description\" content=\"La documentation compl\u00e8te (de la version 1.6.0) sur l&rsquo;utilisation du logiciel peut \u00eatre consult\u00e9e ici &#8230; ou ici sous la forme d&rsquo;unLire la suite\" \/>\n<meta property=\"og:url\" content=\"https:\/\/laginette.com\/apscworld\/index.php\/documentation\/\" \/>\n<meta property=\"og:site_name\" content=\"APSC\" \/>\n<meta property=\"article:modified_time\" content=\"2024-11-11T14:59:10+00:00\" \/>\n<meta property=\"og:image\" content=\"https:\/\/laginette.com\/apscworld\/wp-content\/uploads\/2024\/10\/img_doc_composeur_0003.png\" \/>\n\t<meta property=\"og:image:width\" content=\"1100\" \/>\n\t<meta property=\"og:image:height\" content=\"725\" \/>\n\t<meta property=\"og:image:type\" content=\"image\/png\" \/>\n<meta name=\"twitter:card\" content=\"summary_large_image\" \/>\n<meta name=\"twitter:label1\" content=\"Dur\u00e9e de lecture estim\u00e9e\" \/>\n\t<meta name=\"twitter:data1\" content=\"2 minutes\" \/>\n<script type=\"application\/ld+json\" class=\"yoast-schema-graph\">{\"@context\":\"https:\/\/schema.org\",\"@graph\":[{\"@type\":\"WebPage\",\"@id\":\"https:\/\/laginette.com\/apscworld\/index.php\/documentation\/\",\"url\":\"https:\/\/laginette.com\/apscworld\/index.php\/documentation\/\",\"name\":\"Documentation - APSC\",\"isPartOf\":{\"@id\":\"https:\/\/laginette.com\/apscworld\/#website\"},\"primaryImageOfPage\":{\"@id\":\"https:\/\/laginette.com\/apscworld\/index.php\/documentation\/#primaryimage\"},\"image\":{\"@id\":\"https:\/\/laginette.com\/apscworld\/index.php\/documentation\/#primaryimage\"},\"thumbnailUrl\":\"https:\/\/laginette.com\/apscworld\/wp-content\/uploads\/2024\/10\/img_doc_composeur_0003.png\",\"datePublished\":\"2024-10-25T09:17:54+00:00\",\"dateModified\":\"2024-11-11T14:59:10+00:00\",\"breadcrumb\":{\"@id\":\"https:\/\/laginette.com\/apscworld\/index.php\/documentation\/#breadcrumb\"},\"inLanguage\":\"fr-FR\",\"potentialAction\":[{\"@type\":\"ReadAction\",\"target\":[\"https:\/\/laginette.com\/apscworld\/index.php\/documentation\/\"]}]},{\"@type\":\"ImageObject\",\"inLanguage\":\"fr-FR\",\"@id\":\"https:\/\/laginette.com\/apscworld\/index.php\/documentation\/#primaryimage\",\"url\":\"https:\/\/laginette.com\/apscworld\/wp-content\/uploads\/2024\/10\/img_doc_composeur_0003.png\",\"contentUrl\":\"https:\/\/laginette.com\/apscworld\/wp-content\/uploads\/2024\/10\/img_doc_composeur_0003.png\",\"width\":1100,\"height\":725},{\"@type\":\"BreadcrumbList\",\"@id\":\"https:\/\/laginette.com\/apscworld\/index.php\/documentation\/#breadcrumb\",\"itemListElement\":[{\"@type\":\"ListItem\",\"position\":1,\"name\":\"Accueil\",\"item\":\"https:\/\/laginette.com\/apscworld\/\"},{\"@type\":\"ListItem\",\"position\":2,\"name\":\"Documentation\"}]},{\"@type\":\"WebSite\",\"@id\":\"https:\/\/laginette.com\/apscworld\/#website\",\"url\":\"https:\/\/laginette.com\/apscworld\/\",\"name\":\"ArtsPlastocSequenceConceptor\",\"description\":\"Cr\u00e9er et \u00e9diter des s\u00e9quences de cours en arts plastiques\",\"publisher\":{\"@id\":\"https:\/\/laginette.com\/apscworld\/#\/schema\/person\/db49008618e3803f13f1d94a96df04d7\"},\"potentialAction\":[{\"@type\":\"SearchAction\",\"target\":{\"@type\":\"EntryPoint\",\"urlTemplate\":\"https:\/\/laginette.com\/apscworld\/?s={search_term_string}\"},\"query-input\":{\"@type\":\"PropertyValueSpecification\",\"valueRequired\":true,\"valueName\":\"search_term_string\"}}],\"inLanguage\":\"fr-FR\"},{\"@type\":[\"Person\",\"Organization\"],\"@id\":\"https:\/\/laginette.com\/apscworld\/#\/schema\/person\/db49008618e3803f13f1d94a96df04d7\",\"name\":\"admin\",\"image\":{\"@type\":\"ImageObject\",\"inLanguage\":\"fr-FR\",\"@id\":\"https:\/\/laginette.com\/apscworld\/#\/schema\/person\/image\/\",\"url\":\"https:\/\/laginette.com\/apscworld\/wp-content\/uploads\/2024\/10\/logo_apsc_256x256.png\",\"contentUrl\":\"https:\/\/laginette.com\/apscworld\/wp-content\/uploads\/2024\/10\/logo_apsc_256x256.png\",\"width\":260,\"height\":260,\"caption\":\"admin\"},\"logo\":{\"@id\":\"https:\/\/laginette.com\/apscworld\/#\/schema\/person\/image\/\"},\"sameAs\":[\"https:\/\/laginette.com\/apscworld\"]}]}<\/script>\n<!-- \/ Yoast SEO plugin. -->","yoast_head_json":{"title":"Documentation - APSC","robots":{"index":"index","follow":"follow","max-snippet":"max-snippet:-1","max-image-preview":"max-image-preview:large","max-video-preview":"max-video-preview:-1"},"canonical":"https:\/\/laginette.com\/apscworld\/index.php\/documentation\/","og_locale":"fr_FR","og_type":"article","og_title":"Documentation - APSC","og_description":"La documentation compl\u00e8te (de la version 1.6.0) sur l&rsquo;utilisation du logiciel peut \u00eatre consult\u00e9e ici &#8230; ou ici sous la forme d&rsquo;unLire la suite","og_url":"https:\/\/laginette.com\/apscworld\/index.php\/documentation\/","og_site_name":"APSC","article_modified_time":"2024-11-11T14:59:10+00:00","og_image":[{"width":1100,"height":725,"url":"https:\/\/laginette.com\/apscworld\/wp-content\/uploads\/2024\/10\/img_doc_composeur_0003.png","type":"image\/png"}],"twitter_card":"summary_large_image","twitter_misc":{"Dur\u00e9e de lecture estim\u00e9e":"2 minutes"},"schema":{"@context":"https:\/\/schema.org","@graph":[{"@type":"WebPage","@id":"https:\/\/laginette.com\/apscworld\/index.php\/documentation\/","url":"https:\/\/laginette.com\/apscworld\/index.php\/documentation\/","name":"Documentation - APSC","isPartOf":{"@id":"https:\/\/laginette.com\/apscworld\/#website"},"primaryImageOfPage":{"@id":"https:\/\/laginette.com\/apscworld\/index.php\/documentation\/#primaryimage"},"image":{"@id":"https:\/\/laginette.com\/apscworld\/index.php\/documentation\/#primaryimage"},"thumbnailUrl":"https:\/\/laginette.com\/apscworld\/wp-content\/uploads\/2024\/10\/img_doc_composeur_0003.png","datePublished":"2024-10-25T09:17:54+00:00","dateModified":"2024-11-11T14:59:10+00:00","breadcrumb":{"@id":"https:\/\/laginette.com\/apscworld\/index.php\/documentation\/#breadcrumb"},"inLanguage":"fr-FR","potentialAction":[{"@type":"ReadAction","target":["https:\/\/laginette.com\/apscworld\/index.php\/documentation\/"]}]},{"@type":"ImageObject","inLanguage":"fr-FR","@id":"https:\/\/laginette.com\/apscworld\/index.php\/documentation\/#primaryimage","url":"https:\/\/laginette.com\/apscworld\/wp-content\/uploads\/2024\/10\/img_doc_composeur_0003.png","contentUrl":"https:\/\/laginette.com\/apscworld\/wp-content\/uploads\/2024\/10\/img_doc_composeur_0003.png","width":1100,"height":725},{"@type":"BreadcrumbList","@id":"https:\/\/laginette.com\/apscworld\/index.php\/documentation\/#breadcrumb","itemListElement":[{"@type":"ListItem","position":1,"name":"Accueil","item":"https:\/\/laginette.com\/apscworld\/"},{"@type":"ListItem","position":2,"name":"Documentation"}]},{"@type":"WebSite","@id":"https:\/\/laginette.com\/apscworld\/#website","url":"https:\/\/laginette.com\/apscworld\/","name":"ArtsPlastocSequenceConceptor","description":"Cr\u00e9er et \u00e9diter des s\u00e9quences de cours en arts plastiques","publisher":{"@id":"https:\/\/laginette.com\/apscworld\/#\/schema\/person\/db49008618e3803f13f1d94a96df04d7"},"potentialAction":[{"@type":"SearchAction","target":{"@type":"EntryPoint","urlTemplate":"https:\/\/laginette.com\/apscworld\/?s={search_term_string}"},"query-input":{"@type":"PropertyValueSpecification","valueRequired":true,"valueName":"search_term_string"}}],"inLanguage":"fr-FR"},{"@type":["Person","Organization"],"@id":"https:\/\/laginette.com\/apscworld\/#\/schema\/person\/db49008618e3803f13f1d94a96df04d7","name":"admin","image":{"@type":"ImageObject","inLanguage":"fr-FR","@id":"https:\/\/laginette.com\/apscworld\/#\/schema\/person\/image\/","url":"https:\/\/laginette.com\/apscworld\/wp-content\/uploads\/2024\/10\/logo_apsc_256x256.png","contentUrl":"https:\/\/laginette.com\/apscworld\/wp-content\/uploads\/2024\/10\/logo_apsc_256x256.png","width":260,"height":260,"caption":"admin"},"logo":{"@id":"https:\/\/laginette.com\/apscworld\/#\/schema\/person\/image\/"},"sameAs":["https:\/\/laginette.com\/apscworld"]}]}},"jetpack_sharing_enabled":true,"_links":{"self":[{"href":"https:\/\/laginette.com\/apscworld\/index.php\/wp-json\/wp\/v2\/pages\/111","targetHints":{"allow":["GET"]}}],"collection":[{"href":"https:\/\/laginette.com\/apscworld\/index.php\/wp-json\/wp\/v2\/pages"}],"about":[{"href":"https:\/\/laginette.com\/apscworld\/index.php\/wp-json\/wp\/v2\/types\/page"}],"author":[{"embeddable":true,"href":"https:\/\/laginette.com\/apscworld\/index.php\/wp-json\/wp\/v2\/users\/1"}],"replies":[{"embeddable":true,"href":"https:\/\/laginette.com\/apscworld\/index.php\/wp-json\/wp\/v2\/comments?post=111"}],"version-history":[{"count":17,"href":"https:\/\/laginette.com\/apscworld\/index.php\/wp-json\/wp\/v2\/pages\/111\/revisions"}],"predecessor-version":[{"id":294,"href":"https:\/\/laginette.com\/apscworld\/index.php\/wp-json\/wp\/v2\/pages\/111\/revisions\/294"}],"wp:attachment":[{"href":"https:\/\/laginette.com\/apscworld\/index.php\/wp-json\/wp\/v2\/media?parent=111"}],"curies":[{"name":"wp","href":"https:\/\/api.w.org\/{rel}","templated":true}]}}